{"id":32,"date":"2020-10-01T20:53:00","date_gmt":"2020-10-01T20:53:00","guid":{"rendered":"http:\/\/herzwortbandl.at\/?page_id=32"},"modified":"2020-10-01T20:53:00","modified_gmt":"2020-10-01T20:53:00","slug":"herzwortbandl-at","status":"publish","type":"page","link":"https:\/\/herzwortbandl.at\/","title":{"rendered":"HERZWORTBANDL.at"},"content":{"rendered":"\n<p>Wir liefern Ihnen den Wunschbanddrucker f\u00fcr Ihre B\u00e4nder. Weitere Informationen erhalten Sie auf unserer Seite \u00fcber die Wunschbanddrucker!<\/p>\n","protected":false},"excerpt":{"rendered":"<p>Wir liefern Ihnen den Wunschbanddrucker f\u00fcr Ihre B\u00e4nder. Weitere Informationen erhalten Sie auf unserer Seite \u00fcber die Wunschbanddrucker!<\/p>\n","protected":false},"author":1,"featured_media":0,"parent":0,"menu_order":0,"comment_status":"closed","ping_status":"closed","template":"","meta":[],"_links":{"self":[{"href":"https:\/\/herzwortbandl.at\/index.php?rest_route=\/wp\/v2\/pages\/32"}],"collection":[{"href":"https:\/\/herzwortbandl.at\/index.php?rest_route=\/wp\/v2\/pages"}],"about":[{"href":"https:\/\/herzwortbandl.at\/index.php?rest_route=\/wp\/v2\/types\/page"}],"author":[{"embeddable":true,"href":"https:\/\/herzwortbandl.at\/index.php?rest_route=\/wp\/v2\/users\/1"}],"replies":[{"embeddable":true,"href":"https:\/\/herzwortbandl.at\/index.php?rest_route=%2Fwp%2Fv2%2Fcomments&post=32"}],"version-history":[{"count":1,"href":"https:\/\/herzwortbandl.at\/index.php?rest_route=\/wp\/v2\/pages\/32\/revisions"}],"predecessor-version":[{"id":33,"href":"https:\/\/herzwortbandl.at\/index.php?rest_route=\/wp\/v2\/pages\/32\/revisions\/33"}],"wp:attachment":[{"href":"https:\/\/herzwortbandl.at\/index.php?rest_route=%2Fwp%2Fv2%2Fmedia&parent=32"}],"curies":[{"name":"wp","href":"https:\/\/api.w.org\/{rel}","templated":true}]}}